{"id":2,"date":"2015-04-08T11:55:45","date_gmt":"2015-04-08T11:55:45","guid":{"rendered":"http:\/\/jmaeassociados.com\/?page_id=2"},"modified":"2024-12-17T22:58:02","modified_gmt":"2024-12-17T22:58:02","slug":"sample-page","status":"publish","type":"page","link":"https:\/\/jmaeassociados.com\/?page_id=2","title":{"rendered":"Jo\u00e3o Magalh\u00e3es Advogado"},"content":{"rendered":"<h4 style=\"text-align: center;\">O Escrit\u00f3rio do Advogado Jo\u00e3o Magalh\u00e3es \u00e9 atualmente um escrit\u00f3rio de refer\u00eancia, n\u00e3o s\u00f3 na Regi\u00e3o Norte do pa\u00eds, como tamb\u00e9m a n\u00edvel nacional.<\/h4>\n<h4 style=\"text-align: center;\">Tem como des\u00edgnio m\u00e1ximo aquele a que o direito e a advocacia presidem: o de fazer um acompanhamento jur\u00eddico de qualidade, prestigiado e ativo, aliado a uma rela\u00e7\u00e3o de confian\u00e7a e continuidade com os seus Clientes.<\/h4>\n<h4 style=\"padding-left: 40px; text-align: center;\">Seguindo as m\u00e1ximas que a boa pr\u00e1tica jur\u00eddica exige, o escrit\u00f3rio de Advogados prima pela qualidade, compromisso e consist\u00eancia dos seus profissionais, atuando nos mais diversos ramos do Direito.<\/h4>\n<h2 style=\"text-align: center;\"><\/h2>\n","protected":false},"excerpt":{"rendered":"<p>O Escrit\u00f3rio do Advogado Jo\u00e3o Magalh\u00e3es \u00e9 atualmente um escrit\u00f3rio de refer\u00eancia, n\u00e3o s\u00f3 na Regi\u00e3o Norte do pa\u00eds, como tamb\u00e9m a n\u00edvel nacional. Tem como des\u00edgnio m\u00e1ximo aquele a que o direito e a advocacia presidem: o de fazer um acompanhamento jur\u00eddico de qualidade, prestigiado e ativo, aliado a uma rela\u00e7\u00e3o de confian\u00e7a e &hellip; <a href=\"https:\/\/jmaeassociados.com\/?page_id=2\" class=\"more-link\">Continuar a ler <span class=\"screen-reader-text\">Jo\u00e3o Magalh\u00e3es Advogado<\/span><\/a><\/p>\n","protected":false},"author":1,"featured_media":0,"parent":0,"menu_order":2,"comment_status":"closed","ping_status":"closed","template":"homepage.php","meta":{"inline_featured_image":false,"footnotes":""},"class_list":["post-2","page","type-page","status-publish","hentry"],"yoast_head":"<!-- This site is optimized with the Yoast SEO plugin v15.7 - https:\/\/yoast.com\/wordpress\/plugins\/seo\/ -->\n<title>Jo\u00e3o Magalh\u00e3es Advogado - JO\u00c3O MAGALH\u00c3ES ADVOGADO<\/title>\n<meta name=\"robots\" content=\"index, follow, max-snippet:-1, max-image-preview:large, max-video-preview:-1\" \/>\n<link rel=\"canonical\" href=\"https:\/\/jmaeassociados.com\/?page_id=2\" \/>\n<meta property=\"og:locale\" content=\"pt_PT\" \/>\n<meta property=\"og:type\" content=\"article\" \/>\n<meta property=\"og:title\" content=\"Jo\u00e3o Magalh\u00e3es Advogado - JO\u00c3O MAGALH\u00c3ES ADVOGADO\" \/>\n<meta property=\"og:description\" content=\"O Escrit\u00f3rio do Advogado Jo\u00e3o Magalh\u00e3es \u00e9 atualmente um escrit\u00f3rio de refer\u00eancia, n\u00e3o s\u00f3 na Regi\u00e3o Norte do pa\u00eds, como tamb\u00e9m a n\u00edvel nacional. Tem como des\u00edgnio m\u00e1ximo aquele a que o direito e a advocacia presidem: o de fazer um acompanhamento jur\u00eddico de qualidade, prestigiado e ativo, aliado a uma rela\u00e7\u00e3o de confian\u00e7a e &hellip; Continuar a ler Jo\u00e3o Magalh\u00e3es Advogado\" \/>\n<meta property=\"og:url\" content=\"https:\/\/jmaeassociados.com\/?page_id=2\" \/>\n<meta property=\"og:site_name\" content=\"JO\u00c3O MAGALH\u00c3ES ADVOGADO\" \/>\n<meta property=\"article:modified_time\" content=\"2024-12-17T22:58:02+00:00\" \/>\n<meta name=\"twitter:card\" content=\"summary_large_image\" \/>\n<meta name=\"twitter:label1\" content=\"Est. reading time\">\n\t<meta name=\"twitter:data1\" content=\"1 minuto\">\n<script type=\"application\/ld+json\" class=\"yoast-schema-graph\">{\"@context\":\"https:\/\/schema.org\",\"@graph\":[{\"@type\":\"Organization\",\"@id\":\"https:\/\/jmaeassociados.com\/#organization\",\"name\":\"JO\\u00c3O MAGALH\\u00c3ES ADVOGADO, RL\",\"url\":\"https:\/\/jmaeassociados.com\/\",\"sameAs\":[],\"logo\":{\"@type\":\"ImageObject\",\"@id\":\"https:\/\/jmaeassociados.com\/#logo\",\"inLanguage\":\"pt-PT\",\"url\":\"https:\/\/jmaeassociados.com\/wp-content\/uploads\/2021\/01\/jmaa_logotipo.jpg\",\"width\":1280,\"height\":1280,\"caption\":\"JO\\u00c3O MAGALH\\u00c3ES ADVOGADO, RL\"},\"image\":{\"@id\":\"https:\/\/jmaeassociados.com\/#logo\"}},{\"@type\":\"WebSite\",\"@id\":\"https:\/\/jmaeassociados.com\/#website\",\"url\":\"https:\/\/jmaeassociados.com\/\",\"name\":\"JO\\u00c3O MAGALH\\u00c3ES ADVOGADO\",\"description\":\"Escrit\\u00f3rio de refer\\u00eancia n\\u00e3o s\\u00f3 na regi\\u00e3o norte do pa\\u00eds, como tamb\\u00e9m a n\\u00edvel nacional.\",\"publisher\":{\"@id\":\"https:\/\/jmaeassociados.com\/#organization\"},\"potentialAction\":[{\"@type\":\"SearchAction\",\"target\":\"https:\/\/jmaeassociados.com\/?s={search_term_string}\",\"query-input\":\"required name=search_term_string\"}],\"inLanguage\":\"pt-PT\"},{\"@type\":\"WebPage\",\"@id\":\"https:\/\/jmaeassociados.com\/?page_id=2#webpage\",\"url\":\"https:\/\/jmaeassociados.com\/?page_id=2\",\"name\":\"Jo\\u00e3o Magalh\\u00e3es Advogado - JO\\u00c3O MAGALH\\u00c3ES ADVOGADO\",\"isPartOf\":{\"@id\":\"https:\/\/jmaeassociados.com\/#website\"},\"datePublished\":\"2015-04-08T11:55:45+00:00\",\"dateModified\":\"2024-12-17T22:58:02+00:00\",\"inLanguage\":\"pt-PT\",\"potentialAction\":[{\"@type\":\"ReadAction\",\"target\":[\"https:\/\/jmaeassociados.com\/?page_id=2\"]}]}]}<\/script>\n<!-- \/ Yoast SEO plugin. -->","_links":{"self":[{"href":"https:\/\/jmaeassociados.com\/index.php?rest_route=\/wp\/v2\/pages\/2","targetHints":{"allow":["GET"]}}],"collection":[{"href":"https:\/\/jmaeassociados.com\/index.php?rest_route=\/wp\/v2\/pages"}],"about":[{"href":"https:\/\/jmaeassociados.com\/index.php?rest_route=\/wp\/v2\/types\/page"}],"author":[{"embeddable":true,"href":"https:\/\/jmaeassociados.com\/index.php?rest_route=\/wp\/v2\/users\/1"}],"replies":[{"embeddable":true,"href":"https:\/\/jmaeassociados.com\/index.php?rest_route=%2Fwp%2Fv2%2Fcomments&post=2"}],"version-history":[{"count":39,"href":"https:\/\/jmaeassociados.com\/index.php?rest_route=\/wp\/v2\/pages\/2\/revisions"}],"predecessor-version":[{"id":459,"href":"https:\/\/jmaeassociados.com\/index.php?rest_route=\/wp\/v2\/pages\/2\/revisions\/459"}],"wp:attachment":[{"href":"https:\/\/jmaeassociados.com\/index.php?rest_route=%2Fwp%2Fv2%2Fmedia&parent=2"}],"curies":[{"name":"wp","href":"https:\/\/api.w.org\/{rel}","templated":true}]}}