{"id":77,"date":"2015-04-15T09:52:24","date_gmt":"2015-04-15T09:52:24","guid":{"rendered":"http:\/\/jmaeassociados.com\/?page_id=77"},"modified":"2025-01-14T11:20:36","modified_gmt":"2025-01-14T11:20:36","slug":"homepage","status":"publish","type":"page","link":"https:\/\/jmaeassociados.com\/","title":{"rendered":"Homepage"},"content":{"rendered":"","protected":false},"excerpt":{"rendered":"","protected":false},"author":1,"featured_media":129,"parent":0,"menu_order":1,"comment_status":"closed","ping_status":"closed","template":"homepage.php","meta":{"inline_featured_image":false,"footnotes":""},"class_list":["post-77","page","type-page","status-publish","has-post-thumbnail","hentry"],"yoast_head":"<!-- This site is optimized with the Yoast SEO plugin v15.7 - https:\/\/yoast.com\/wordpress\/plugins\/seo\/ -->\n<title>JOAO MAGALH\u00c3ES ADVOGADO, RL<\/title>\n<meta name=\"description\" content=\"O Escrit\u00f3rio de Advogados tem como des\u00edgnio m\u00e1ximo aquele a que o direito e a advocacia presidem: o de fazer um acompanhamento jur\u00eddico de qualidade, prestigiado e activo, aliado a uma rela\u00e7\u00e3o de confian\u00e7a e continuidade com os clientes.Seguindo as m\u00e1ximas que a boa pr\u00e1tica jur\u00eddica exige, o escrit\u00f3rio de Advogados prima pela qualidade, compromisso e consist\u00eancia dos seus profissionais, actuando nos mais diversos ramos do direito.\" \/>\n<meta name=\"robots\" content=\"index, follow, max-snippet:-1, max-image-preview:large, max-video-preview:-1\" \/>\n<link rel=\"canonical\" href=\"https:\/\/jmaeassociados.com\/\" \/>\n<meta property=\"og:locale\" content=\"pt_PT\" \/>\n<meta property=\"og:type\" content=\"article\" \/>\n<meta property=\"og:title\" content=\"JOAO MAGALH\u00c3ES ADVOGADO, RL\" \/>\n<meta property=\"og:description\" content=\"O Escrit\u00f3rio de Advogados tem como des\u00edgnio m\u00e1ximo aquele a que o direito e a advocacia presidem: o de fazer um acompanhamento jur\u00eddico de qualidade, prestigiado e activo, aliado a uma rela\u00e7\u00e3o de confian\u00e7a e continuidade com os clientes.Seguindo as m\u00e1ximas que a boa pr\u00e1tica jur\u00eddica exige, o escrit\u00f3rio de Advogados prima pela qualidade, compromisso e consist\u00eancia dos seus profissionais, actuando nos mais diversos ramos do direito.\" \/>\n<meta property=\"og:url\" content=\"https:\/\/jmaeassociados.com\/\" \/>\n<meta property=\"og:site_name\" content=\"JO\u00c3O MAGALH\u00c3ES ADVOGADO\" \/>\n<meta property=\"article:modified_time\" content=\"2025-01-14T11:20:36+00:00\" \/>\n<meta property=\"og:image\" content=\"https:\/\/jmaeassociados.com\/wp-content\/uploads\/2021\/01\/jmaa_logotipo.jpg\" \/>\n\t<meta property=\"og:image:width\" content=\"1280\" \/>\n\t<meta property=\"og:image:height\" content=\"1280\" \/>\n<meta name=\"twitter:card\" content=\"summary_large_image\" \/>\n<script type=\"application\/ld+json\" class=\"yoast-schema-graph\">{\"@context\":\"https:\/\/schema.org\",\"@graph\":[{\"@type\":\"Organization\",\"@id\":\"https:\/\/jmaeassociados.com\/#organization\",\"name\":\"JO\\u00c3O MAGALH\\u00c3ES ADVOGADO, RL\",\"url\":\"https:\/\/jmaeassociados.com\/\",\"sameAs\":[],\"logo\":{\"@type\":\"ImageObject\",\"@id\":\"https:\/\/jmaeassociados.com\/#logo\",\"inLanguage\":\"pt-PT\",\"url\":\"https:\/\/jmaeassociados.com\/wp-content\/uploads\/2021\/01\/jmaa_logotipo.jpg\",\"width\":1280,\"height\":1280,\"caption\":\"JO\\u00c3O MAGALH\\u00c3ES ADVOGADO, RL\"},\"image\":{\"@id\":\"https:\/\/jmaeassociados.com\/#logo\"}},{\"@type\":\"WebSite\",\"@id\":\"https:\/\/jmaeassociados.com\/#website\",\"url\":\"https:\/\/jmaeassociados.com\/\",\"name\":\"JO\\u00c3O MAGALH\\u00c3ES ADVOGADO\",\"description\":\"Escrit\\u00f3rio de refer\\u00eancia n\\u00e3o s\\u00f3 na regi\\u00e3o norte do pa\\u00eds, como tamb\\u00e9m a n\\u00edvel nacional.\",\"publisher\":{\"@id\":\"https:\/\/jmaeassociados.com\/#organization\"},\"potentialAction\":[{\"@type\":\"SearchAction\",\"target\":\"https:\/\/jmaeassociados.com\/?s={search_term_string}\",\"query-input\":\"required name=search_term_string\"}],\"inLanguage\":\"pt-PT\"},{\"@type\":\"ImageObject\",\"@id\":\"https:\/\/jmaeassociados.com\/#primaryimage\",\"inLanguage\":\"pt-PT\",\"url\":\"https:\/\/jmaeassociados.com\/wp-content\/uploads\/2015\/05\/jmaa_galeria01.jpg\",\"width\":850,\"height\":567},{\"@type\":\"WebPage\",\"@id\":\"https:\/\/jmaeassociados.com\/#webpage\",\"url\":\"https:\/\/jmaeassociados.com\/\",\"name\":\"JOAO MAGALH\\u00c3ES ADVOGADO, RL\",\"isPartOf\":{\"@id\":\"https:\/\/jmaeassociados.com\/#website\"},\"primaryImageOfPage\":{\"@id\":\"https:\/\/jmaeassociados.com\/#primaryimage\"},\"datePublished\":\"2015-04-15T09:52:24+00:00\",\"dateModified\":\"2025-01-14T11:20:36+00:00\",\"description\":\"O Escrit\\u00f3rio de Advogados tem como des\\u00edgnio m\\u00e1ximo aquele a que o direito e a advocacia presidem: o de fazer um acompanhamento jur\\u00eddico de qualidade, prestigiado e activo, aliado a uma rela\\u00e7\\u00e3o de confian\\u00e7a e continuidade com os clientes.Seguindo as m\\u00e1ximas que a boa pr\\u00e1tica jur\\u00eddica exige, o escrit\\u00f3rio de Advogados prima pela qualidade, compromisso e consist\\u00eancia dos seus profissionais, actuando nos mais diversos ramos do direito.\",\"inLanguage\":\"pt-PT\",\"potentialAction\":[{\"@type\":\"ReadAction\",\"target\":[\"https:\/\/jmaeassociados.com\/\"]}]}]}<\/script>\n<!-- \/ Yoast SEO plugin. -->","_links":{"self":[{"href":"https:\/\/jmaeassociados.com\/index.php?rest_route=\/wp\/v2\/pages\/77","targetHints":{"allow":["GET"]}}],"collection":[{"href":"https:\/\/jmaeassociados.com\/index.php?rest_route=\/wp\/v2\/pages"}],"about":[{"href":"https:\/\/jmaeassociados.com\/index.php?rest_route=\/wp\/v2\/types\/page"}],"author":[{"embeddable":true,"href":"https:\/\/jmaeassociados.com\/index.php?rest_route=\/wp\/v2\/users\/1"}],"replies":[{"embeddable":true,"href":"https:\/\/jmaeassociados.com\/index.php?rest_route=%2Fwp%2Fv2%2Fcomments&post=77"}],"version-history":[{"count":40,"href":"https:\/\/jmaeassociados.com\/index.php?rest_route=\/wp\/v2\/pages\/77\/revisions"}],"predecessor-version":[{"id":465,"href":"https:\/\/jmaeassociados.com\/index.php?rest_route=\/wp\/v2\/pages\/77\/revisions\/465"}],"wp:featuredmedia":[{"embeddable":true,"href":"https:\/\/jmaeassociados.com\/index.php?rest_route=\/wp\/v2\/media\/129"}],"wp:attachment":[{"href":"https:\/\/jmaeassociados.com\/index.php?rest_route=%2Fwp%2Fv2%2Fmedia&parent=77"}],"curies":[{"name":"wp","href":"https:\/\/api.w.org\/{rel}","templated":true}]}}